{"id":247,"date":"2024-09-25T18:15:22","date_gmt":"2024-09-25T16:15:22","guid":{"rendered":"https:\/\/tortuedeter.com\/?page_id=247"},"modified":"2024-11-05T17:38:08","modified_gmt":"2024-11-05T16:38:08","slug":"tortue-deter","status":"publish","type":"page","link":"https:\/\/tortuedeter.com\/index.php\/tortue-deter\/","title":{"rendered":"Tortue D\u00e9ter"},"content":{"rendered":"\t\t<div data-elementor-type=\"wp-page\" data-elementor-id=\"247\" class=\"elementor elementor-247\">\n\t\t\t\t<div class=\"elementor-element elementor-element-83202c0 e-flex e-con-boxed e-con e-parent\" data-id=\"83202c0\" data-element_type=\"container\" data-e-type=\"container\">\n\t\t\t\t\t<div class=\"e-con-inner\">\n\t\t\t\t<div class=\"elementor-element elementor-element-c0915f7 elementor-align-center elementor-widget elementor-widget-button\" data-id=\"c0915f7\" data-element_type=\"widget\" data-e-type=\"widget\" data-widget_type=\"button.default\">\n\t\t\t\t<div class=\"elementor-widget-container\">\n\t\t\t\t\t\t\t\t\t<div class=\"elementor-button-wrapper\">\n\t\t\t\t\t<a class=\"elementor-button elementor-size-sm\" role=\"button\">\n\t\t\t\t\t\t<span class=\"elementor-button-content-wrapper\">\n\t\t\t\t\t\t\t\t\t<span class=\"elementor-button-text\">Tortue D\u00e9ter ? Qu\u00e9saco ?!<\/span>\n\t\t\t\t\t<\/span>\n\t\t\t\t\t<\/a>\n\t\t\t\t<\/div>\n\t\t\t\t\t\t\t\t<\/div>\n\t\t\t\t<\/div>\n\t\t\t\t<div class=\"elementor-element elementor-element-ec542cc elementor-widget elementor-widget-text-editor\" data-id=\"ec542cc\" data-element_type=\"widget\" data-e-type=\"widget\" data-widget_type=\"text-editor.default\">\n\t\t\t\t<div class=\"elementor-widget-container\">\n\t\t\t\t\t\t\t\t\t<p><strong>La Tortue<\/strong>, c\u2019est le symbole de la sagesse, de la long\u00e9vit\u00e9 et de la r\u00e9silience.<br \/>Lors de mon grand voyage en Am\u00e9rique Latine, j\u2019ai eu l\u2019honneur et l\u2019opportunit\u00e9 de voir des milliers de tortues marines venir pondre sur une plage sauvage du Michoac\u00e1n au Mexique. Apr\u00e8s de longues heures \u00e0 lutter contre les violentes vagues du Pacifique, elles arrivaient enfin, ext\u00e9nu\u00e9es, \u00e0 s\u2019extirper de la houle pour atteindre cette plage. Mais le boulot n\u2019\u00e9tait pas termin\u00e9 ! Elles devaient encore trouver un coin o\u00f9 le sable \u00e9tait assez chaud pour accueillir leurs futures prog\u00e9nitures, et creuser assez profond pour que les rapaces ne d\u00e9vorent pas leurs \u0153ufs ! Apr\u00e8s tout \u00e7a, elles retournaient affronter les vagues et s\u2019en allaient\u2026 Si \u00e7a ce n\u2019est pas un symbole de r\u00e9silience !<\/p><p><strong>Le D\u00e9ter<\/strong>, c\u2019est parce que moi, j\u2019arpente les sentiers et non la mer. C\u2019est donc une <strong>tortue des terres<\/strong>\u2026<br \/>Mais c\u2019est aussi et surtout pour la\u00a0<strong>d\u00e9termination<\/strong>\u00a0! Ce qui me fascine, c\u2019est la force qu\u2019on a chacun en nous pour repousser nos limites. Le facteur psychologique est primordial dans le sport et nous permet de franchir des obstacles que l\u2019on pensait insurmontables auparavant. C\u2019est pourquoi j\u2019adore la fameuse phrase \u00ab\u00a0Ils ne savaient pas que c\u2019\u00e9tait impossible alors ils l\u2019ont fait\u00a0\u00bb.<\/p><p>Une\u00a0<strong>Tortue D\u00e9ter<\/strong>\u00a0m\u00eale toutes ces qualit\u00e9s et tu vas l\u2019incarner !<\/p>\t\t\t\t\t\t\t\t<\/div>\n\t\t\t\t<\/div>\n\t\t\t\t\t<\/div>\n\t\t\t\t<\/div>\n\t\t<div class=\"elementor-element elementor-element-bfe78dc e-flex e-con-boxed e-con e-parent\" data-id=\"bfe78dc\" data-element_type=\"container\" data-e-type=\"container\">\n\t\t\t\t\t<div class=\"e-con-inner\">\n\t\t\t\t<div class=\"elementor-element elementor-element-dbad2b6 elementor-view-default elementor-widget elementor-widget-icon\" data-id=\"dbad2b6\" data-element_type=\"widget\" data-e-type=\"widget\" data-widget_type=\"icon.default\">\n\t\t\t\t<div class=\"elementor-widget-container\">\n\t\t\t\t\t\t\t<div class=\"elementor-icon-wrapper\">\n\t\t\t<a class=\"elementor-icon\" href=\"https:\/\/tortuedeter.com\/index.php\/temoignages\/\">\n\t\t\t<svg aria-hidden=\"true\" class=\"e-font-icon-svg e-fas-running\" viewBox=\"0 0 416 512\" xmlns=\"http:\/\/www.w3.org\/2000\/svg\"><path d=\"M272 96c26.51 0 48-21.49 48-48S298.51 0 272 0s-48 21.49-48 48 21.49 48 48 48zM113.69 317.47l-14.8 34.52H32c-17.67 0-32 14.33-32 32s14.33 32 32 32h77.45c19.25 0 36.58-11.44 44.11-29.09l8.79-20.52-10.67-6.3c-17.32-10.23-30.06-25.37-37.99-42.61zM384 223.99h-44.03l-26.06-53.25c-12.5-25.55-35.45-44.23-61.78-50.94l-71.08-21.14c-28.3-6.8-57.77-.55-80.84 17.14l-39.67 30.41c-14.03 10.75-16.69 30.83-5.92 44.86s30.84 16.66 44.86 5.92l39.69-30.41c7.67-5.89 17.44-8 25.27-6.14l14.7 4.37-37.46 87.39c-12.62 29.48-1.31 64.01 26.3 80.31l84.98 50.17-27.47 87.73c-5.28 16.86 4.11 34.81 20.97 40.09 3.19 1 6.41 1.48 9.58 1.48 13.61 0 26.23-8.77 30.52-22.45l31.64-101.06c5.91-20.77-2.89-43.08-21.64-54.39l-61.24-36.14 31.31-78.28 20.27 41.43c8 16.34 24.92 26.89 43.11 26.89H384c17.67 0 32-14.33 32-32s-14.33-31.99-32-31.99z\"><\/path><\/svg>\t\t\t<\/a>\n\t\t<\/div>\n\t\t\t\t\t\t<\/div>\n\t\t\t\t<\/div>\n\t\t\t\t\t<\/div>\n\t\t\t\t<\/div>\n\t\t\t\t<\/div>\n\t\t","protected":false},"excerpt":{"rendered":"<p>Tortue D\u00e9ter ? Qu\u00e9saco ?! La Tortue, c\u2019est le symbole de la sagesse, de la long\u00e9vit\u00e9 et de la r\u00e9silience.Lors de mon grand voyage en Am\u00e9rique Latine, j\u2019ai eu l\u2019honneur et l\u2019opportunit\u00e9 de voir des milliers de tortues marines venir pondre sur une plage sauvage du Michoac\u00e1n au Mexique. Apr\u00e8s de longues heures \u00e0 lutter [&hellip;]<\/p>\n","protected":false},"author":1,"featured_media":0,"parent":0,"menu_order":0,"comment_status":"closed","ping_status":"closed","template":"","meta":{"footnotes":""},"class_list":["post-247","page","type-page","status-publish","hentry","entry"],"yoast_head":"<!-- This site is optimized with the Yoast SEO plugin v27.4 - https:\/\/yoast.com\/product\/yoast-seo-wordpress\/ -->\n<title>Tortue D\u00e9ter - TortueD\u00e9ter<\/title>\n<meta name=\"robots\" content=\"index, follow, max-snippet:-1, max-image-preview:large, max-video-preview:-1\" \/>\n<link rel=\"canonical\" href=\"https:\/\/tortuedeter.com\/index.php\/tortue-deter\/\" \/>\n<meta property=\"og:locale\" content=\"en_US\" \/>\n<meta property=\"og:type\" content=\"article\" \/>\n<meta property=\"og:title\" content=\"Tortue D\u00e9ter - TortueD\u00e9ter\" \/>\n<meta property=\"og:description\" content=\"Tortue D\u00e9ter ? Qu\u00e9saco ?! La Tortue, c\u2019est le symbole de la sagesse, de la long\u00e9vit\u00e9 et de la r\u00e9silience.Lors de mon grand voyage en Am\u00e9rique Latine, j\u2019ai eu l\u2019honneur et l\u2019opportunit\u00e9 de voir des milliers de tortues marines venir pondre sur une plage sauvage du Michoac\u00e1n au Mexique. Apr\u00e8s de longues heures \u00e0 lutter [&hellip;]\" \/>\n<meta property=\"og:url\" content=\"https:\/\/tortuedeter.com\/index.php\/tortue-deter\/\" \/>\n<meta property=\"og:site_name\" content=\"TortueD\u00e9ter\" \/>\n<meta property=\"article:publisher\" content=\"https:\/\/www.facebook.com\/profile.php?id=61567813566358\" \/>\n<meta property=\"article:modified_time\" content=\"2024-11-05T16:38:08+00:00\" \/>\n<meta name=\"twitter:card\" content=\"summary_large_image\" \/>\n<meta name=\"twitter:label1\" content=\"Est. reading time\" \/>\n\t<meta name=\"twitter:data1\" content=\"2 minutes\" \/>\n<script type=\"application\/ld+json\" class=\"yoast-schema-graph\">{\"@context\":\"https:\\\/\\\/schema.org\",\"@graph\":[{\"@type\":\"WebPage\",\"@id\":\"https:\\\/\\\/tortuedeter.com\\\/index.php\\\/tortue-deter\\\/\",\"url\":\"https:\\\/\\\/tortuedeter.com\\\/index.php\\\/tortue-deter\\\/\",\"name\":\"Tortue D\u00e9ter - TortueD\u00e9ter\",\"isPartOf\":{\"@id\":\"https:\\\/\\\/tortuedeter.com\\\/#website\"},\"datePublished\":\"2024-09-25T16:15:22+00:00\",\"dateModified\":\"2024-11-05T16:38:08+00:00\",\"breadcrumb\":{\"@id\":\"https:\\\/\\\/tortuedeter.com\\\/index.php\\\/tortue-deter\\\/#breadcrumb\"},\"inLanguage\":\"en-US\",\"potentialAction\":[{\"@type\":\"ReadAction\",\"target\":[\"https:\\\/\\\/tortuedeter.com\\\/index.php\\\/tortue-deter\\\/\"]}]},{\"@type\":\"BreadcrumbList\",\"@id\":\"https:\\\/\\\/tortuedeter.com\\\/index.php\\\/tortue-deter\\\/#breadcrumb\",\"itemListElement\":[{\"@type\":\"ListItem\",\"position\":1,\"name\":\"Accueil\",\"item\":\"https:\\\/\\\/tortuedeter.com\\\/\"},{\"@type\":\"ListItem\",\"position\":2,\"name\":\"Tortue D\u00e9ter\"}]},{\"@type\":\"WebSite\",\"@id\":\"https:\\\/\\\/tortuedeter.com\\\/#website\",\"url\":\"https:\\\/\\\/tortuedeter.com\\\/\",\"name\":\"TortueD\u00e9ter\",\"description\":\"Coaching sportif 100% personnalis\u00e9\",\"publisher\":{\"@id\":\"https:\\\/\\\/tortuedeter.com\\\/#organization\"},\"potentialAction\":[{\"@type\":\"SearchAction\",\"target\":{\"@type\":\"EntryPoint\",\"urlTemplate\":\"https:\\\/\\\/tortuedeter.com\\\/?s={search_term_string}\"},\"query-input\":{\"@type\":\"PropertyValueSpecification\",\"valueRequired\":true,\"valueName\":\"search_term_string\"}}],\"inLanguage\":\"en-US\"},{\"@type\":\"Organization\",\"@id\":\"https:\\\/\\\/tortuedeter.com\\\/#organization\",\"name\":\"Tortue D\u00e9ter\",\"url\":\"https:\\\/\\\/tortuedeter.com\\\/\",\"logo\":{\"@type\":\"ImageObject\",\"inLanguage\":\"en-US\",\"@id\":\"https:\\\/\\\/tortuedeter.com\\\/#\\\/schema\\\/logo\\\/image\\\/\",\"url\":\"https:\\\/\\\/tortuedeter.com\\\/wp-content\\\/uploads\\\/2024\\\/10\\\/cropped-Logo-parfait-carre-scaled-1.jpg\",\"contentUrl\":\"https:\\\/\\\/tortuedeter.com\\\/wp-content\\\/uploads\\\/2024\\\/10\\\/cropped-Logo-parfait-carre-scaled-1.jpg\",\"width\":2558,\"height\":2558,\"caption\":\"Tortue D\u00e9ter\"},\"image\":{\"@id\":\"https:\\\/\\\/tortuedeter.com\\\/#\\\/schema\\\/logo\\\/image\\\/\"},\"sameAs\":[\"https:\\\/\\\/www.facebook.com\\\/profile.php?id=61567813566358\"]}]}<\/script>\n<!-- \/ Yoast SEO plugin. -->","yoast_head_json":{"title":"Tortue D\u00e9ter - TortueD\u00e9ter","robots":{"index":"index","follow":"follow","max-snippet":"max-snippet:-1","max-image-preview":"max-image-preview:large","max-video-preview":"max-video-preview:-1"},"canonical":"https:\/\/tortuedeter.com\/index.php\/tortue-deter\/","og_locale":"en_US","og_type":"article","og_title":"Tortue D\u00e9ter - TortueD\u00e9ter","og_description":"Tortue D\u00e9ter ? Qu\u00e9saco ?! La Tortue, c\u2019est le symbole de la sagesse, de la long\u00e9vit\u00e9 et de la r\u00e9silience.Lors de mon grand voyage en Am\u00e9rique Latine, j\u2019ai eu l\u2019honneur et l\u2019opportunit\u00e9 de voir des milliers de tortues marines venir pondre sur une plage sauvage du Michoac\u00e1n au Mexique. Apr\u00e8s de longues heures \u00e0 lutter [&hellip;]","og_url":"https:\/\/tortuedeter.com\/index.php\/tortue-deter\/","og_site_name":"TortueD\u00e9ter","article_publisher":"https:\/\/www.facebook.com\/profile.php?id=61567813566358","article_modified_time":"2024-11-05T16:38:08+00:00","twitter_card":"summary_large_image","twitter_misc":{"Est. reading time":"2 minutes"},"schema":{"@context":"https:\/\/schema.org","@graph":[{"@type":"WebPage","@id":"https:\/\/tortuedeter.com\/index.php\/tortue-deter\/","url":"https:\/\/tortuedeter.com\/index.php\/tortue-deter\/","name":"Tortue D\u00e9ter - TortueD\u00e9ter","isPartOf":{"@id":"https:\/\/tortuedeter.com\/#website"},"datePublished":"2024-09-25T16:15:22+00:00","dateModified":"2024-11-05T16:38:08+00:00","breadcrumb":{"@id":"https:\/\/tortuedeter.com\/index.php\/tortue-deter\/#breadcrumb"},"inLanguage":"en-US","potentialAction":[{"@type":"ReadAction","target":["https:\/\/tortuedeter.com\/index.php\/tortue-deter\/"]}]},{"@type":"BreadcrumbList","@id":"https:\/\/tortuedeter.com\/index.php\/tortue-deter\/#breadcrumb","itemListElement":[{"@type":"ListItem","position":1,"name":"Accueil","item":"https:\/\/tortuedeter.com\/"},{"@type":"ListItem","position":2,"name":"Tortue D\u00e9ter"}]},{"@type":"WebSite","@id":"https:\/\/tortuedeter.com\/#website","url":"https:\/\/tortuedeter.com\/","name":"TortueD\u00e9ter","description":"Coaching sportif 100% personnalis\u00e9","publisher":{"@id":"https:\/\/tortuedeter.com\/#organization"},"potentialAction":[{"@type":"SearchAction","target":{"@type":"EntryPoint","urlTemplate":"https:\/\/tortuedeter.com\/?s={search_term_string}"},"query-input":{"@type":"PropertyValueSpecification","valueRequired":true,"valueName":"search_term_string"}}],"inLanguage":"en-US"},{"@type":"Organization","@id":"https:\/\/tortuedeter.com\/#organization","name":"Tortue D\u00e9ter","url":"https:\/\/tortuedeter.com\/","logo":{"@type":"ImageObject","inLanguage":"en-US","@id":"https:\/\/tortuedeter.com\/#\/schema\/logo\/image\/","url":"https:\/\/tortuedeter.com\/wp-content\/uploads\/2024\/10\/cropped-Logo-parfait-carre-scaled-1.jpg","contentUrl":"https:\/\/tortuedeter.com\/wp-content\/uploads\/2024\/10\/cropped-Logo-parfait-carre-scaled-1.jpg","width":2558,"height":2558,"caption":"Tortue D\u00e9ter"},"image":{"@id":"https:\/\/tortuedeter.com\/#\/schema\/logo\/image\/"},"sameAs":["https:\/\/www.facebook.com\/profile.php?id=61567813566358"]}]}},"_links":{"self":[{"href":"https:\/\/tortuedeter.com\/index.php\/wp-json\/wp\/v2\/pages\/247","targetHints":{"allow":["GET"]}}],"collection":[{"href":"https:\/\/tortuedeter.com\/index.php\/wp-json\/wp\/v2\/pages"}],"about":[{"href":"https:\/\/tortuedeter.com\/index.php\/wp-json\/wp\/v2\/types\/page"}],"author":[{"embeddable":true,"href":"https:\/\/tortuedeter.com\/index.php\/wp-json\/wp\/v2\/users\/1"}],"replies":[{"embeddable":true,"href":"https:\/\/tortuedeter.com\/index.php\/wp-json\/wp\/v2\/comments?post=247"}],"version-history":[{"count":35,"href":"https:\/\/tortuedeter.com\/index.php\/wp-json\/wp\/v2\/pages\/247\/revisions"}],"predecessor-version":[{"id":1005,"href":"https:\/\/tortuedeter.com\/index.php\/wp-json\/wp\/v2\/pages\/247\/revisions\/1005"}],"wp:attachment":[{"href":"https:\/\/tortuedeter.com\/index.php\/wp-json\/wp\/v2\/media?parent=247"}],"curies":[{"name":"wp","href":"https:\/\/api.w.org\/{rel}","templated":true}]}}