{"id":42,"date":"2024-09-14T10:12:16","date_gmt":"2024-09-14T08:12:16","guid":{"rendered":"https:\/\/tortuedeter.com\/?page_id=42"},"modified":"2024-11-07T09:37:18","modified_gmt":"2024-11-07T08:37:18","slug":"contact","status":"publish","type":"page","link":"https:\/\/tortuedeter.com\/index.php\/contact\/","title":{"rendered":"Contact"},"content":{"rendered":"\t\t<div data-elementor-type=\"wp-page\" data-elementor-id=\"42\" class=\"elementor elementor-42\">\n\t\t\t\t<div class=\"elementor-element elementor-element-ec45db9 e-flex e-con-boxed e-con e-parent\" data-id=\"ec45db9\" data-element_type=\"container\" data-e-type=\"container\">\n\t\t\t\t\t<div class=\"e-con-inner\">\n\t\t<div class=\"elementor-element elementor-element-30b346d e-con-full e-flex e-con e-child\" data-id=\"30b346d\" data-element_type=\"container\" data-e-type=\"container\">\n\t\t\t\t<div class=\"elementor-element elementor-element-72d9bdd elementor-view-default elementor-position-block-start elementor-mobile-position-block-start elementor-widget elementor-widget-icon-box\" data-id=\"72d9bdd\" data-element_type=\"widget\" data-e-type=\"widget\" data-widget_type=\"icon-box.default\">\n\t\t\t\t<div class=\"elementor-widget-container\">\n\t\t\t\t\t\t\t<div class=\"elementor-icon-box-wrapper\">\n\n\t\t\t\t\t\t<div class=\"elementor-icon-box-icon\">\n\t\t\t\t<span  class=\"elementor-icon\">\n\t\t\t\t<svg aria-hidden=\"true\" class=\"e-font-icon-svg e-fas-envelope\" viewBox=\"0 0 512 512\" xmlns=\"http:\/\/www.w3.org\/2000\/svg\"><path d=\"M502.3 190.8c3.9-3.1 9.7-.2 9.7 4.7V400c0 26.5-21.5 48-48 48H48c-26.5 0-48-21.5-48-48V195.6c0-5 5.7-7.8 9.7-4.7 22.4 17.4 52.1 39.5 154.1 113.6 21.1 15.4 56.7 47.8 92.2 47.6 35.7.3 72-32.8 92.3-47.6 102-74.1 131.6-96.3 154-113.7zM256 320c23.2.4 56.6-29.2 73.4-41.4 132.7-96.3 142.8-104.7 173.4-128.7 5.8-4.5 9.2-11.5 9.2-18.9v-19c0-26.5-21.5-48-48-48H48C21.5 64 0 85.5 0 112v19c0 7.4 3.4 14.3 9.2 18.9 30.6 23.9 40.7 32.4 173.4 128.7 16.8 12.2 50.2 41.8 73.4 41.4z\"><\/path><\/svg>\t\t\t\t<\/span>\n\t\t\t<\/div>\n\t\t\t\n\t\t\t\t\t\t<div class=\"elementor-icon-box-content\">\n\n\t\t\t\t\t\t\t\t\t<h3 class=\"elementor-icon-box-title\">\n\t\t\t\t\t\t<span  >\n\t\t\t\t\t\t\tcontact@tortuedeter.com\t\t\t\t\t\t<\/span>\n\t\t\t\t\t<\/h3>\n\t\t\t\t\n\t\t\t\t\n\t\t\t<\/div>\n\t\t\t\n\t\t<\/div>\n\t\t\t\t\t\t<\/div>\n\t\t\t\t<\/div>\n\t\t\t\t<div class=\"elementor-element elementor-element-26403d3 elementor-view-default elementor-position-block-start elementor-mobile-position-block-start elementor-widget elementor-widget-icon-box\" data-id=\"26403d3\" data-element_type=\"widget\" data-e-type=\"widget\" data-widget_type=\"icon-box.default\">\n\t\t\t\t<div class=\"elementor-widget-container\">\n\t\t\t\t\t\t\t<div class=\"elementor-icon-box-wrapper\">\n\n\t\t\t\t\t\t<div class=\"elementor-icon-box-icon\">\n\t\t\t\t<span  class=\"elementor-icon\">\n\t\t\t\t<svg aria-hidden=\"true\" class=\"e-font-icon-svg e-fab-whatsapp\" viewBox=\"0 0 448 512\" xmlns=\"http:\/\/www.w3.org\/2000\/svg\"><path d=\"M380.9 97.1C339 55.1 283.2 32 223.9 32c-122.4 0-222 99.6-222 222 0 39.1 10.2 77.3 29.6 111L0 480l117.7-30.9c32.4 17.7 68.9 27 106.1 27h.1c122.3 0 224.1-99.6 224.1-222 0-59.3-25.2-115-67.1-157zm-157 341.6c-33.2 0-65.7-8.9-94-25.7l-6.7-4-69.8 18.3L72 359.2l-4.4-7c-18.5-29.4-28.2-63.3-28.2-98.2 0-101.7 82.8-184.5 184.6-184.5 49.3 0 95.6 19.2 130.4 54.1 34.8 34.9 56.2 81.2 56.1 130.5 0 101.8-84.9 184.6-186.6 184.6zm101.2-138.2c-5.5-2.8-32.8-16.2-37.9-18-5.1-1.9-8.8-2.8-12.5 2.8-3.7 5.6-14.3 18-17.6 21.8-3.2 3.7-6.5 4.2-12 1.4-32.6-16.3-54-29.1-75.5-66-5.7-9.8 5.7-9.1 16.3-30.3 1.8-3.7.9-6.9-.5-9.7-1.4-2.8-12.5-30.1-17.1-41.2-4.5-10.8-9.1-9.3-12.5-9.5-3.2-.2-6.9-.2-10.6-.2-3.7 0-9.7 1.4-14.8 6.9-5.1 5.6-19.4 19-19.4 46.3 0 27.3 19.9 53.7 22.6 57.4 2.8 3.7 39.1 59.7 94.8 83.8 35.2 15.2 49 16.5 66.6 13.9 10.7-1.6 32.8-13.4 37.4-26.4 4.6-13 4.6-24.1 3.2-26.4-1.3-2.5-5-3.9-10.5-6.6z\"><\/path><\/svg>\t\t\t\t<\/span>\n\t\t\t<\/div>\n\t\t\t\n\t\t\t\t\t\t<div class=\"elementor-icon-box-content\">\n\n\t\t\t\t\t\t\t\t\t<h3 class=\"elementor-icon-box-title\">\n\t\t\t\t\t\t<span  >\n\t\t\t\t\t\t\t0618222118\t\t\t\t\t\t<\/span>\n\t\t\t\t\t<\/h3>\n\t\t\t\t\n\t\t\t\t\n\t\t\t<\/div>\n\t\t\t\n\t\t<\/div>\n\t\t\t\t\t\t<\/div>\n\t\t\t\t<\/div>\n\t\t\t\t<\/div>\n\t\t<div class=\"elementor-element elementor-element-4f9b152 e-con-full e-flex e-con e-child\" data-id=\"4f9b152\" data-element_type=\"container\" data-e-type=\"container\">\n\t\t\t\t<div class=\"elementor-element elementor-element-d09d449 elementor-align-center elementor-widget elementor-widget-button\" data-id=\"d09d449\" data-element_type=\"widget\" data-e-type=\"widget\" data-widget_type=\"button.default\">\n\t\t\t\t<div class=\"elementor-widget-container\">\n\t\t\t\t\t\t\t\t\t<div class=\"elementor-button-wrapper\">\n\t\t\t\t\t<a class=\"elementor-button elementor-size-sm\" role=\"button\">\n\t\t\t\t\t\t<span class=\"elementor-button-content-wrapper\">\n\t\t\t\t\t\t\t\t\t<span class=\"elementor-button-text\">Je vous r\u00e9ponds dans les 24h<\/span>\n\t\t\t\t\t<\/span>\n\t\t\t\t\t<\/a>\n\t\t\t\t<\/div>\n\t\t\t\t\t\t\t\t<\/div>\n\t\t\t\t<\/div>\n\t\t\t\t<div class=\"elementor-element elementor-element-4e70f00 elementor-widget elementor-widget-formidable\" data-id=\"4e70f00\" data-element_type=\"widget\" data-e-type=\"widget\" data-widget_type=\"formidable.default\">\n\t\t\t\t<div class=\"elementor-widget-container\">\n\t\t\t\t\t<div class=\"frm_forms  with_frm_style frm_style_style-formidable\" id=\"frm_form_2_container\" data-token=\"9c98f64486399061ddd8589aa8dc86db\">\n<form enctype=\"multipart\/form-data\" method=\"post\" class=\"frm-show-form \" id=\"form_formulaire-de-contact\" data-token=\"9c98f64486399061ddd8589aa8dc86db\">\n<div class=\"frm_form_fields \">\n<fieldset>\n<legend class=\"frm_screen_reader\">Formulaire de contact<\/legend>\r\n\r\n<div class=\"frm_fields_container\">\n<input type=\"hidden\" name=\"frm_action\" value=\"create\" \/>\n<input type=\"hidden\" name=\"form_id\" value=\"2\" \/>\n<input type=\"hidden\" name=\"frm_hide_fields_2\" id=\"frm_hide_fields_2\" value=\"\" \/>\n<input type=\"hidden\" name=\"form_key\" value=\"formulaire-de-contact\" \/>\n<input type=\"hidden\" name=\"item_meta[0]\" value=\"\" \/>\n<input type=\"hidden\" id=\"frm_submit_entry_2\" name=\"frm_submit_entry_2\" value=\"a57ef69889\" \/><input type=\"hidden\" name=\"_wp_http_referer\" value=\"\/index.php\/wp-json\/wp\/v2\/pages\/42\" \/><div id=\"frm_field_7_container\" class=\"frm_form_field form-field  frm_required_field frm_none_container frm6 frm_first\">\r\n\t<label for=\"field_vyeh1\" id=\"field_vyeh1_label\" class=\"frm_primary_label\">Pr\u00e9nom\r\n\t\t<span class=\"frm_required\" aria-hidden=\"true\">*<\/span>\r\n\t<\/label>\r\n\t<input type=\"text\" id=\"field_vyeh1\" name=\"item_meta[7]\" value=\"\"  placeholder=\"Pr\u00e9nom\" data-reqmsg=\"Pr\u00e9nom ne peut pas \u00eatre vide.\" aria-required=\"true\" data-invmsg=\"Pr\u00e9nom est non valide\" aria-invalid=\"false\"  \/>\r\n\t\r\n\t\r\n<\/div>\n<div id=\"frm_field_8_container\" class=\"frm_form_field form-field  frm_required_field frm_none_container frm6\">\r\n\t<label for=\"field_r51bf\" id=\"field_r51bf_label\" class=\"frm_primary_label\">Nom\r\n\t\t<span class=\"frm_required\" aria-hidden=\"true\">*<\/span>\r\n\t<\/label>\r\n\t<input type=\"text\" id=\"field_r51bf\" name=\"item_meta[8]\" value=\"\"  placeholder=\"Nom\" data-reqmsg=\"Nom ne peut pas \u00eatre vide.\" aria-required=\"true\" data-invmsg=\"Nom est non valide\" aria-invalid=\"false\"  \/>\r\n\t\r\n\t\r\n<\/div>\n<div id=\"frm_field_9_container\" class=\"frm_form_field form-field  frm_required_field frm_none_container frm6 frm_first\">\r\n\t<label for=\"field_eu22t\" id=\"field_eu22t_label\" class=\"frm_primary_label\">Mail\r\n\t\t<span class=\"frm_required\" aria-hidden=\"true\">*<\/span>\r\n\t<\/label>\r\n\t<input type=\"text\" id=\"field_eu22t\" name=\"item_meta[9]\" value=\"\"  placeholder=\"Email\" data-reqmsg=\"Mail ne peut pas \u00eatre vide.\" aria-required=\"true\" data-invmsg=\"Mail est non valide\" aria-invalid=\"false\"  \/>\r\n\t\r\n\t\r\n<\/div>\n<div id=\"frm_field_10_container\" class=\"frm_form_field form-field  frm_none_container frm6\">\r\n\t<label for=\"field_zfx2x\" id=\"field_zfx2x_label\" class=\"frm_primary_label\">T\u00e9l\u00e9phone\r\n\t\t<span class=\"frm_required\" aria-hidden=\"true\"><\/span>\r\n\t<\/label>\r\n\t<input type=\"text\" id=\"field_zfx2x\" name=\"item_meta[10]\" value=\"\"  placeholder=\"T\u00e9l\u00e9phone\" data-invmsg=\"T\u00e9l\u00e9phone est non valide\" aria-invalid=\"false\"  \/>\r\n\t\r\n\t\r\n<\/div>\n<div id=\"frm_field_12_container\" class=\"frm_form_field form-field  frm_top_container\">\r\n\t<label for=\"field_55cm9\" id=\"field_55cm9_label\" class=\"frm_primary_label\">Message\r\n\t\t<span class=\"frm_required\" aria-hidden=\"true\"><\/span>\r\n\t<\/label>\r\n\t<textarea name=\"item_meta[12]\" id=\"field_55cm9\" rows=\"5\"  placeholder=\"Avez-vous un objectif? N&#039;h\u00e9sitez pas \u00e0 m&#039;en parler!\" data-invmsg=\"Message is invalid\" aria-invalid=\"false\"  ><\/textarea>\r\n\t\r\n\t\r\n<\/div>\n<div id=\"frm_field_6_container\" class=\"frm_form_field form-field \">\r\n\t<div class=\"frm_submit frm_flex\">\r\n<button class=\"frm_button_submit\" type=\"submit\"  >Envoyer<\/button>\r\n\r\n\r\n\r\n<\/div>\r\n<\/div>\n\t<input type=\"hidden\" name=\"item_key\" value=\"\" \/>\n\t\t\t<div id=\"frm_field_13_container\">\n\t\t\t<label for=\"field_wr184\" >\n\t\t\t\tIf you are human, leave this field blank.\t\t\t<\/label>\n\t\t\t<input  id=\"field_wr184\" type=\"text\" class=\"frm_form_field form-field frm_verify\" name=\"item_meta[13]\" value=\"\"  \/>\n\t\t<\/div>\n\t\t<input name=\"frm_state\" type=\"hidden\" value=\"8cu09WBwoa8a2WOC8qdDk1wgnHDAdMWsmzV01rmXdNo=\" \/><\/div>\n<\/fieldset>\n<\/div>\n\n<\/form>\n<\/div>\n\t\t\t\t<\/div>\n\t\t\t\t<\/div>\n\t\t\t\t<\/div>\n\t\t\t\t\t<\/div>\n\t\t\t\t<\/div>\n\t\t\t\t<\/div>\n\t\t","protected":false},"excerpt":{"rendered":"<p>contact@tortuedeter.com 0618222118 Je vous r\u00e9ponds dans les 24h Formulaire de contact Pr\u00e9nom * Nom * Mail * T\u00e9l\u00e9phone Message Envoyer Si vous \u00eates un humain, ne remplissez pas ce champ.<\/p>\n","protected":false},"author":1,"featured_media":0,"parent":0,"menu_order":0,"comment_status":"closed","ping_status":"closed","template":"","meta":{"footnotes":""},"class_list":["post-42","page","type-page","status-publish","hentry","entry"],"yoast_head":"<!-- This site is optimized with the Yoast SEO plugin v27.4 - https:\/\/yoast.com\/product\/yoast-seo-wordpress\/ -->\n<title>Contact - TortueD\u00e9ter<\/title>\n<meta name=\"description\" content=\"Parlez-moi de vos objectifs via le formulaire de contact, venez me rencontrer et faisons connaissance :) Cela ne vous engage \u00e0 rien!\" \/>\n<meta name=\"robots\" content=\"index, follow, max-snippet:-1, max-image-preview:large, max-video-preview:-1\" \/>\n<link rel=\"canonical\" href=\"https:\/\/tortuedeter.com\/index.php\/contact\/\" \/>\n<meta property=\"og:locale\" content=\"en_US\" \/>\n<meta property=\"og:type\" content=\"article\" \/>\n<meta property=\"og:title\" content=\"Contact - TortueD\u00e9ter\" \/>\n<meta property=\"og:description\" content=\"Parlez-moi de vos objectifs via le formulaire de contact, venez me rencontrer et faisons connaissance :) Cela ne vous engage \u00e0 rien!\" \/>\n<meta property=\"og:url\" content=\"https:\/\/tortuedeter.com\/index.php\/contact\/\" \/>\n<meta property=\"og:site_name\" content=\"TortueD\u00e9ter\" \/>\n<meta property=\"article:publisher\" content=\"https:\/\/www.facebook.com\/profile.php?id=61567813566358\" \/>\n<meta property=\"article:modified_time\" content=\"2024-11-07T08:37:18+00:00\" \/>\n<meta name=\"twitter:card\" content=\"summary_large_image\" \/>\n<meta name=\"twitter:label1\" content=\"Est. reading time\" \/>\n\t<meta name=\"twitter:data1\" content=\"1 minute\" \/>\n<script type=\"application\/ld+json\" class=\"yoast-schema-graph\">{\"@context\":\"https:\\\/\\\/schema.org\",\"@graph\":[{\"@type\":\"WebPage\",\"@id\":\"https:\\\/\\\/tortuedeter.com\\\/index.php\\\/contact\\\/\",\"url\":\"https:\\\/\\\/tortuedeter.com\\\/index.php\\\/contact\\\/\",\"name\":\"Contact - TortueD\u00e9ter\",\"isPartOf\":{\"@id\":\"https:\\\/\\\/tortuedeter.com\\\/#website\"},\"datePublished\":\"2024-09-14T08:12:16+00:00\",\"dateModified\":\"2024-11-07T08:37:18+00:00\",\"description\":\"Parlez-moi de vos objectifs via le formulaire de contact, venez me rencontrer et faisons connaissance :) Cela ne vous engage \u00e0 rien!\",\"breadcrumb\":{\"@id\":\"https:\\\/\\\/tortuedeter.com\\\/index.php\\\/contact\\\/#breadcrumb\"},\"inLanguage\":\"en-US\",\"potentialAction\":[{\"@type\":\"ReadAction\",\"target\":[\"https:\\\/\\\/tortuedeter.com\\\/index.php\\\/contact\\\/\"]}]},{\"@type\":\"BreadcrumbList\",\"@id\":\"https:\\\/\\\/tortuedeter.com\\\/index.php\\\/contact\\\/#breadcrumb\",\"itemListElement\":[{\"@type\":\"ListItem\",\"position\":1,\"name\":\"Accueil\",\"item\":\"https:\\\/\\\/tortuedeter.com\\\/\"},{\"@type\":\"ListItem\",\"position\":2,\"name\":\"Contact\"}]},{\"@type\":\"WebSite\",\"@id\":\"https:\\\/\\\/tortuedeter.com\\\/#website\",\"url\":\"https:\\\/\\\/tortuedeter.com\\\/\",\"name\":\"TortueD\u00e9ter\",\"description\":\"Coaching sportif 100% personnalis\u00e9\",\"publisher\":{\"@id\":\"https:\\\/\\\/tortuedeter.com\\\/#organization\"},\"potentialAction\":[{\"@type\":\"SearchAction\",\"target\":{\"@type\":\"EntryPoint\",\"urlTemplate\":\"https:\\\/\\\/tortuedeter.com\\\/?s={search_term_string}\"},\"query-input\":{\"@type\":\"PropertyValueSpecification\",\"valueRequired\":true,\"valueName\":\"search_term_string\"}}],\"inLanguage\":\"en-US\"},{\"@type\":\"Organization\",\"@id\":\"https:\\\/\\\/tortuedeter.com\\\/#organization\",\"name\":\"Tortue D\u00e9ter\",\"url\":\"https:\\\/\\\/tortuedeter.com\\\/\",\"logo\":{\"@type\":\"ImageObject\",\"inLanguage\":\"en-US\",\"@id\":\"https:\\\/\\\/tortuedeter.com\\\/#\\\/schema\\\/logo\\\/image\\\/\",\"url\":\"https:\\\/\\\/tortuedeter.com\\\/wp-content\\\/uploads\\\/2024\\\/10\\\/cropped-Logo-parfait-carre-scaled-1.jpg\",\"contentUrl\":\"https:\\\/\\\/tortuedeter.com\\\/wp-content\\\/uploads\\\/2024\\\/10\\\/cropped-Logo-parfait-carre-scaled-1.jpg\",\"width\":2558,\"height\":2558,\"caption\":\"Tortue D\u00e9ter\"},\"image\":{\"@id\":\"https:\\\/\\\/tortuedeter.com\\\/#\\\/schema\\\/logo\\\/image\\\/\"},\"sameAs\":[\"https:\\\/\\\/www.facebook.com\\\/profile.php?id=61567813566358\"]}]}<\/script>\n<!-- \/ Yoast SEO plugin. -->","yoast_head_json":{"title":"Contact - TortueD\u00e9ter","description":"Parlez-moi de vos objectifs via le formulaire de contact, venez me rencontrer et faisons connaissance :) Cela ne vous engage \u00e0 rien!","robots":{"index":"index","follow":"follow","max-snippet":"max-snippet:-1","max-image-preview":"max-image-preview:large","max-video-preview":"max-video-preview:-1"},"canonical":"https:\/\/tortuedeter.com\/index.php\/contact\/","og_locale":"en_US","og_type":"article","og_title":"Contact - TortueD\u00e9ter","og_description":"Parlez-moi de vos objectifs via le formulaire de contact, venez me rencontrer et faisons connaissance :) Cela ne vous engage \u00e0 rien!","og_url":"https:\/\/tortuedeter.com\/index.php\/contact\/","og_site_name":"TortueD\u00e9ter","article_publisher":"https:\/\/www.facebook.com\/profile.php?id=61567813566358","article_modified_time":"2024-11-07T08:37:18+00:00","twitter_card":"summary_large_image","twitter_misc":{"Est. reading time":"1 minute"},"schema":{"@context":"https:\/\/schema.org","@graph":[{"@type":"WebPage","@id":"https:\/\/tortuedeter.com\/index.php\/contact\/","url":"https:\/\/tortuedeter.com\/index.php\/contact\/","name":"Contact - TortueD\u00e9ter","isPartOf":{"@id":"https:\/\/tortuedeter.com\/#website"},"datePublished":"2024-09-14T08:12:16+00:00","dateModified":"2024-11-07T08:37:18+00:00","description":"Parlez-moi de vos objectifs via le formulaire de contact, venez me rencontrer et faisons connaissance :) Cela ne vous engage \u00e0 rien!","breadcrumb":{"@id":"https:\/\/tortuedeter.com\/index.php\/contact\/#breadcrumb"},"inLanguage":"en-US","potentialAction":[{"@type":"ReadAction","target":["https:\/\/tortuedeter.com\/index.php\/contact\/"]}]},{"@type":"BreadcrumbList","@id":"https:\/\/tortuedeter.com\/index.php\/contact\/#breadcrumb","itemListElement":[{"@type":"ListItem","position":1,"name":"Accueil","item":"https:\/\/tortuedeter.com\/"},{"@type":"ListItem","position":2,"name":"Contact"}]},{"@type":"WebSite","@id":"https:\/\/tortuedeter.com\/#website","url":"https:\/\/tortuedeter.com\/","name":"TortueD\u00e9ter","description":"Coaching sportif 100% personnalis\u00e9","publisher":{"@id":"https:\/\/tortuedeter.com\/#organization"},"potentialAction":[{"@type":"SearchAction","target":{"@type":"EntryPoint","urlTemplate":"https:\/\/tortuedeter.com\/?s={search_term_string}"},"query-input":{"@type":"PropertyValueSpecification","valueRequired":true,"valueName":"search_term_string"}}],"inLanguage":"en-US"},{"@type":"Organization","@id":"https:\/\/tortuedeter.com\/#organization","name":"Tortue D\u00e9ter","url":"https:\/\/tortuedeter.com\/","logo":{"@type":"ImageObject","inLanguage":"en-US","@id":"https:\/\/tortuedeter.com\/#\/schema\/logo\/image\/","url":"https:\/\/tortuedeter.com\/wp-content\/uploads\/2024\/10\/cropped-Logo-parfait-carre-scaled-1.jpg","contentUrl":"https:\/\/tortuedeter.com\/wp-content\/uploads\/2024\/10\/cropped-Logo-parfait-carre-scaled-1.jpg","width":2558,"height":2558,"caption":"Tortue D\u00e9ter"},"image":{"@id":"https:\/\/tortuedeter.com\/#\/schema\/logo\/image\/"},"sameAs":["https:\/\/www.facebook.com\/profile.php?id=61567813566358"]}]}},"_links":{"self":[{"href":"https:\/\/tortuedeter.com\/index.php\/wp-json\/wp\/v2\/pages\/42","targetHints":{"allow":["GET"]}}],"collection":[{"href":"https:\/\/tortuedeter.com\/index.php\/wp-json\/wp\/v2\/pages"}],"about":[{"href":"https:\/\/tortuedeter.com\/index.php\/wp-json\/wp\/v2\/types\/page"}],"author":[{"embeddable":true,"href":"https:\/\/tortuedeter.com\/index.php\/wp-json\/wp\/v2\/users\/1"}],"replies":[{"embeddable":true,"href":"https:\/\/tortuedeter.com\/index.php\/wp-json\/wp\/v2\/comments?post=42"}],"version-history":[{"count":22,"href":"https:\/\/tortuedeter.com\/index.php\/wp-json\/wp\/v2\/pages\/42\/revisions"}],"predecessor-version":[{"id":1059,"href":"https:\/\/tortuedeter.com\/index.php\/wp-json\/wp\/v2\/pages\/42\/revisions\/1059"}],"wp:attachment":[{"href":"https:\/\/tortuedeter.com\/index.php\/wp-json\/wp\/v2\/media?parent=42"}],"curies":[{"name":"wp","href":"https:\/\/api.w.org\/{rel}","templated":true}]}}