{"id":92,"date":"2024-09-21T11:38:11","date_gmt":"2024-09-21T09:38:11","guid":{"rendered":"https:\/\/tortuedeter.com\/?page_id=92"},"modified":"2024-10-28T11:17:04","modified_gmt":"2024-10-28T10:17:04","slug":"mentions-legales","status":"publish","type":"page","link":"https:\/\/tortuedeter.com\/index.php\/mentions-legales\/","title":{"rendered":"Mentions L\u00e9gales"},"content":{"rendered":"\t\t<div data-elementor-type=\"wp-page\" data-elementor-id=\"92\" class=\"elementor elementor-92\">\n\t\t\t\t<div class=\"elementor-element elementor-element-435e7a7 e-flex e-con-boxed e-con e-parent\" data-id=\"435e7a7\" data-element_type=\"container\" data-e-type=\"container\">\n\t\t\t\t\t<div class=\"e-con-inner\">\n\t\t\t\t<div class=\"elementor-element elementor-element-06ca993 elementor-align-center elementor-widget elementor-widget-button\" data-id=\"06ca993\" data-element_type=\"widget\" data-e-type=\"widget\" data-widget_type=\"button.default\">\n\t\t\t\t<div class=\"elementor-widget-container\">\n\t\t\t\t\t\t\t\t\t<div class=\"elementor-button-wrapper\">\n\t\t\t\t\t<a class=\"elementor-button elementor-size-sm\" role=\"button\">\n\t\t\t\t\t\t<span class=\"elementor-button-content-wrapper\">\n\t\t\t\t\t\t\t\t\t<span class=\"elementor-button-text\">Mentions L\u00e9gales<\/span>\n\t\t\t\t\t<\/span>\n\t\t\t\t\t<\/a>\n\t\t\t\t<\/div>\n\t\t\t\t\t\t\t\t<\/div>\n\t\t\t\t<\/div>\n\t\t\t\t<div class=\"elementor-element elementor-element-c3a19eb elementor-widget elementor-widget-text-editor\" data-id=\"c3a19eb\" data-element_type=\"widget\" data-e-type=\"widget\" data-widget_type=\"text-editor.default\">\n\t\t\t\t<div class=\"elementor-widget-container\">\n\t\t\t\t\t\t\t\t\t<p>Les\u00a0<strong>mentions l\u00e9gales<\/strong> sont les informations qui permettent \u00e0 l&#8217;internaute de nous identifier. Elles sont <strong>obligatoires<\/strong>\u00a0sur tout site internet professionnel.<\/p>\t\t\t\t\t\t\t\t<\/div>\n\t\t\t\t<\/div>\n\t\t\t\t\t<\/div>\n\t\t\t\t<\/div>\n\t\t<div class=\"elementor-element elementor-element-cfce233 e-flex e-con-boxed e-con e-parent\" data-id=\"cfce233\" data-element_type=\"container\" data-e-type=\"container\">\n\t\t\t\t\t<div class=\"e-con-inner\">\n\t\t\t\t<div class=\"elementor-element elementor-element-7902d8c elementor-widget elementor-widget-heading\" data-id=\"7902d8c\" data-element_type=\"widget\" data-e-type=\"widget\" data-widget_type=\"heading.default\">\n\t\t\t\t<div class=\"elementor-widget-container\">\n\t\t\t\t\t<h2 class=\"elementor-heading-title elementor-size-default\">H\u00e9bergeur<\/h2>\t\t\t\t<\/div>\n\t\t\t\t<\/div>\n\t\t\t\t<div class=\"elementor-element elementor-element-8f192c0 elementor-widget elementor-widget-text-editor\" data-id=\"8f192c0\" data-element_type=\"widget\" data-e-type=\"widget\" data-widget_type=\"text-editor.default\">\n\t\t\t\t<div class=\"elementor-widget-container\">\n\t\t\t\t\t\t\t\t\t<p>Ce site internet est h\u00e9berg\u00e9 par OVH: https:\/\/www.ovhcloud.com\/fr\/web-hosting\/\u00a0<br \/>OVH SAS est une filiale de la soci\u00e9t\u00e9\u00a0OVH Groupe SA, soci\u00e9t\u00e9 immatricul\u00e9e au RCS de Lille sous le num\u00e9ro 537 407 926 sise 2, rue Kellermann, 59100 Roubaix.<\/p>\t\t\t\t\t\t\t\t<\/div>\n\t\t\t\t<\/div>\n\t\t\t\t<div class=\"elementor-element elementor-element-5c6a2ff elementor-widget elementor-widget-heading\" data-id=\"5c6a2ff\" data-element_type=\"widget\" data-e-type=\"widget\" data-widget_type=\"heading.default\">\n\t\t\t\t<div class=\"elementor-widget-container\">\n\t\t\t\t\t<h2 class=\"elementor-heading-title elementor-size-default\">Tortue D\u00e9ter<\/h2>\t\t\t\t<\/div>\n\t\t\t\t<\/div>\n\t\t\t\t<div class=\"elementor-element elementor-element-c0c5c83 elementor-widget elementor-widget-text-editor\" data-id=\"c0c5c83\" data-element_type=\"widget\" data-e-type=\"widget\" data-widget_type=\"text-editor.default\">\n\t\t\t\t<div class=\"elementor-widget-container\">\n\t\t\t\t\t\t\t\t\t<p>Tortue D\u00e9ter est une entreprise domicili\u00e9e \u00e0 l&#8217;adresse Village 31440 BINOS et g\u00e9r\u00e9e par Cyril Pichot en tant qu&#8217;entrepreneur individuel.<br \/>N\u00b0 SIRET:\u00a093274423800019<br \/>Mail: contact@tortuedeter.com<\/p>\t\t\t\t\t\t\t\t<\/div>\n\t\t\t\t<\/div>\n\t\t\t\t<div class=\"elementor-element elementor-element-4fa0afd elementor-widget elementor-widget-heading\" data-id=\"4fa0afd\" data-element_type=\"widget\" data-e-type=\"widget\" data-widget_type=\"heading.default\">\n\t\t\t\t<div class=\"elementor-widget-container\">\n\t\t\t\t\t<h2 class=\"elementor-heading-title elementor-size-default\">Donn\u00e9es personnelles<\/h2>\t\t\t\t<\/div>\n\t\t\t\t<\/div>\n\t\t\t\t<div class=\"elementor-element elementor-element-6839ddc elementor-widget elementor-widget-text-editor\" data-id=\"6839ddc\" data-element_type=\"widget\" data-e-type=\"widget\" data-widget_type=\"text-editor.default\">\n\t\t\t\t<div class=\"elementor-widget-container\">\n\t\t\t\t\t\t\t\t\t<p>Tortue D\u00e9ter exerce une activit\u00e9 en France et est soumise aux droits fran\u00e7ais et \u00e0 la RGPD (R\u00e8glement G\u00e9n\u00e9ral sur la Protection des Donn\u00e9es).<br>Tortue D\u00e9ter recueille uniquement les donn\u00e9es qui sont n\u00e9cessaires \u00e0 une prise de contact, lorsque vous remplissez le formulaire dans la page \u00ab Contact \u00bb. Aucune donn\u00e9e n\u2019est transmise \u00e0 un tiers. Vous pouvez \u00e0 tout moment nous contacter par mail afin de supprimer vos donn\u00e9es.<\/p>\t\t\t\t\t\t\t\t<\/div>\n\t\t\t\t<\/div>\n\t\t\t\t<div class=\"elementor-element elementor-element-e84e883 elementor-widget elementor-widget-heading\" data-id=\"e84e883\" data-element_type=\"widget\" data-e-type=\"widget\" data-widget_type=\"heading.default\">\n\t\t\t\t<div class=\"elementor-widget-container\">\n\t\t\t\t\t<h2 class=\"elementor-heading-title elementor-size-default\">Propri\u00e9t\u00e9 intellectuelle<\/h2>\t\t\t\t<\/div>\n\t\t\t\t<\/div>\n\t\t\t\t<div class=\"elementor-element elementor-element-4567093 elementor-widget elementor-widget-text-editor\" data-id=\"4567093\" data-element_type=\"widget\" data-e-type=\"widget\" data-widget_type=\"text-editor.default\">\n\t\t\t\t<div class=\"elementor-widget-container\">\n\t\t\t\t\t\t\t\t\t<p>Tortue D\u00e9ter est un site qui permet de pr\u00e9senter les activit\u00e9s propos\u00e9es par l\u2019entreprise.<\/p><p>Tous les contenus pr\u00e9sents sur le site Internet: Photos, textes, logos et images sont prot\u00e9g\u00e9s au titre de la l\u00e9gislation internationale de la propri\u00e9t\u00e9 intellectuelle et <span style=\"font-family: Roboto, sans-serif; font-size: 14px; font-style: normal; font-variant-ligatures: normal; font-variant-caps: normal; font-weight: 400;\">sont la propri\u00e9t\u00e9 exclusive de Cyril Pichot.<\/span><br \/><span style=\"color: var( --e-global-color-text ); font-size: 14px; text-align: var(--text-align);\">Il est donc interdit de les utiliser, reproduire ou imiter sous peine de poursuite (<\/span>articles L. 335-2 et suivants du Code de la propri\u00e9t\u00e9 intellectuelle).\u00a0<\/p>\t\t\t\t\t\t\t\t<\/div>\n\t\t\t\t<\/div>\n\t\t\t\t<div class=\"elementor-element elementor-element-ceca699 elementor-widget elementor-widget-heading\" data-id=\"ceca699\" data-element_type=\"widget\" data-e-type=\"widget\" data-widget_type=\"heading.default\">\n\t\t\t\t<div class=\"elementor-widget-container\">\n\t\t\t\t\t<h2 class=\"elementor-heading-title elementor-size-default\">R\u00e9f\u00e9rences<\/h2>\t\t\t\t<\/div>\n\t\t\t\t<\/div>\n\t\t\t\t<div class=\"elementor-element elementor-element-3c240f9 elementor-widget elementor-widget-text-editor\" data-id=\"3c240f9\" data-element_type=\"widget\" data-e-type=\"widget\" data-widget_type=\"text-editor.default\">\n\t\t\t\t<div class=\"elementor-widget-container\">\n\t\t\t\t\t\t\t\t\t<p>Le site est propuls\u00e9 par WordPress avec le th\u00e8me OceanWP.<\/p>\t\t\t\t\t\t\t\t<\/div>\n\t\t\t\t<\/div>\n\t\t\t\t\t<\/div>\n\t\t\t\t<\/div>\n\t\t\t\t<\/div>\n\t\t","protected":false},"excerpt":{"rendered":"<p>Mentions L\u00e9gales Les\u00a0mentions l\u00e9gales sont les informations qui permettent \u00e0 l&#8217;internaute de nous identifier. Elles sont obligatoires\u00a0sur tout site internet professionnel. H\u00e9bergeur Ce site internet est h\u00e9berg\u00e9 par OVH: https:\/\/www.ovhcloud.com\/fr\/web-hosting\/\u00a0OVH SAS est une filiale de la soci\u00e9t\u00e9\u00a0OVH Groupe SA, soci\u00e9t\u00e9 immatricul\u00e9e au RCS de Lille sous le num\u00e9ro 537 407 926 sise 2, rue Kellermann, [&hellip;]<\/p>\n","protected":false},"author":1,"featured_media":0,"parent":0,"menu_order":0,"comment_status":"closed","ping_status":"closed","template":"","meta":{"footnotes":""},"class_list":["post-92","page","type-page","status-publish","hentry","entry"],"yoast_head":"<!-- This site is optimized with the Yoast SEO plugin v27.4 - https:\/\/yoast.com\/product\/yoast-seo-wordpress\/ -->\n<title>Mentions L\u00e9gales - TortueD\u00e9ter<\/title>\n<meta name=\"robots\" content=\"index, follow, max-snippet:-1, max-image-preview:large, max-video-preview:-1\" \/>\n<link rel=\"canonical\" href=\"https:\/\/tortuedeter.com\/index.php\/mentions-legales\/\" \/>\n<meta property=\"og:locale\" content=\"en_US\" \/>\n<meta property=\"og:type\" content=\"article\" \/>\n<meta property=\"og:title\" content=\"Mentions L\u00e9gales - TortueD\u00e9ter\" \/>\n<meta property=\"og:description\" content=\"Mentions L\u00e9gales Les\u00a0mentions l\u00e9gales sont les informations qui permettent \u00e0 l&#8217;internaute de nous identifier. Elles sont obligatoires\u00a0sur tout site internet professionnel. H\u00e9bergeur Ce site internet est h\u00e9berg\u00e9 par OVH: https:\/\/www.ovhcloud.com\/fr\/web-hosting\/\u00a0OVH SAS est une filiale de la soci\u00e9t\u00e9\u00a0OVH Groupe SA, soci\u00e9t\u00e9 immatricul\u00e9e au RCS de Lille sous le num\u00e9ro 537 407 926 sise 2, rue Kellermann, [&hellip;]\" \/>\n<meta property=\"og:url\" content=\"https:\/\/tortuedeter.com\/index.php\/mentions-legales\/\" \/>\n<meta property=\"og:site_name\" content=\"TortueD\u00e9ter\" \/>\n<meta property=\"article:publisher\" content=\"https:\/\/www.facebook.com\/profile.php?id=61567813566358\" \/>\n<meta property=\"article:modified_time\" content=\"2024-10-28T10:17:04+00:00\" \/>\n<meta name=\"twitter:card\" content=\"summary_large_image\" \/>\n<meta name=\"twitter:label1\" content=\"Est. reading time\" \/>\n\t<meta name=\"twitter:data1\" content=\"2 minutes\" \/>\n<script type=\"application\/ld+json\" class=\"yoast-schema-graph\">{\"@context\":\"https:\\\/\\\/schema.org\",\"@graph\":[{\"@type\":\"WebPage\",\"@id\":\"https:\\\/\\\/tortuedeter.com\\\/index.php\\\/mentions-legales\\\/\",\"url\":\"https:\\\/\\\/tortuedeter.com\\\/index.php\\\/mentions-legales\\\/\",\"name\":\"Mentions L\u00e9gales - TortueD\u00e9ter\",\"isPartOf\":{\"@id\":\"https:\\\/\\\/tortuedeter.com\\\/#website\"},\"datePublished\":\"2024-09-21T09:38:11+00:00\",\"dateModified\":\"2024-10-28T10:17:04+00:00\",\"breadcrumb\":{\"@id\":\"https:\\\/\\\/tortuedeter.com\\\/index.php\\\/mentions-legales\\\/#breadcrumb\"},\"inLanguage\":\"en-US\",\"potentialAction\":[{\"@type\":\"ReadAction\",\"target\":[\"https:\\\/\\\/tortuedeter.com\\\/index.php\\\/mentions-legales\\\/\"]}]},{\"@type\":\"BreadcrumbList\",\"@id\":\"https:\\\/\\\/tortuedeter.com\\\/index.php\\\/mentions-legales\\\/#breadcrumb\",\"itemListElement\":[{\"@type\":\"ListItem\",\"position\":1,\"name\":\"Accueil\",\"item\":\"https:\\\/\\\/tortuedeter.com\\\/\"},{\"@type\":\"ListItem\",\"position\":2,\"name\":\"Mentions L\u00e9gales\"}]},{\"@type\":\"WebSite\",\"@id\":\"https:\\\/\\\/tortuedeter.com\\\/#website\",\"url\":\"https:\\\/\\\/tortuedeter.com\\\/\",\"name\":\"TortueD\u00e9ter\",\"description\":\"Coaching sportif 100% personnalis\u00e9\",\"publisher\":{\"@id\":\"https:\\\/\\\/tortuedeter.com\\\/#organization\"},\"potentialAction\":[{\"@type\":\"SearchAction\",\"target\":{\"@type\":\"EntryPoint\",\"urlTemplate\":\"https:\\\/\\\/tortuedeter.com\\\/?s={search_term_string}\"},\"query-input\":{\"@type\":\"PropertyValueSpecification\",\"valueRequired\":true,\"valueName\":\"search_term_string\"}}],\"inLanguage\":\"en-US\"},{\"@type\":\"Organization\",\"@id\":\"https:\\\/\\\/tortuedeter.com\\\/#organization\",\"name\":\"Tortue D\u00e9ter\",\"url\":\"https:\\\/\\\/tortuedeter.com\\\/\",\"logo\":{\"@type\":\"ImageObject\",\"inLanguage\":\"en-US\",\"@id\":\"https:\\\/\\\/tortuedeter.com\\\/#\\\/schema\\\/logo\\\/image\\\/\",\"url\":\"https:\\\/\\\/tortuedeter.com\\\/wp-content\\\/uploads\\\/2024\\\/10\\\/cropped-Logo-parfait-carre-scaled-1.jpg\",\"contentUrl\":\"https:\\\/\\\/tortuedeter.com\\\/wp-content\\\/uploads\\\/2024\\\/10\\\/cropped-Logo-parfait-carre-scaled-1.jpg\",\"width\":2558,\"height\":2558,\"caption\":\"Tortue D\u00e9ter\"},\"image\":{\"@id\":\"https:\\\/\\\/tortuedeter.com\\\/#\\\/schema\\\/logo\\\/image\\\/\"},\"sameAs\":[\"https:\\\/\\\/www.facebook.com\\\/profile.php?id=61567813566358\"]}]}<\/script>\n<!-- \/ Yoast SEO plugin. -->","yoast_head_json":{"title":"Mentions L\u00e9gales - TortueD\u00e9ter","robots":{"index":"index","follow":"follow","max-snippet":"max-snippet:-1","max-image-preview":"max-image-preview:large","max-video-preview":"max-video-preview:-1"},"canonical":"https:\/\/tortuedeter.com\/index.php\/mentions-legales\/","og_locale":"en_US","og_type":"article","og_title":"Mentions L\u00e9gales - TortueD\u00e9ter","og_description":"Mentions L\u00e9gales Les\u00a0mentions l\u00e9gales sont les informations qui permettent \u00e0 l&#8217;internaute de nous identifier. Elles sont obligatoires\u00a0sur tout site internet professionnel. H\u00e9bergeur Ce site internet est h\u00e9berg\u00e9 par OVH: https:\/\/www.ovhcloud.com\/fr\/web-hosting\/\u00a0OVH SAS est une filiale de la soci\u00e9t\u00e9\u00a0OVH Groupe SA, soci\u00e9t\u00e9 immatricul\u00e9e au RCS de Lille sous le num\u00e9ro 537 407 926 sise 2, rue Kellermann, [&hellip;]","og_url":"https:\/\/tortuedeter.com\/index.php\/mentions-legales\/","og_site_name":"TortueD\u00e9ter","article_publisher":"https:\/\/www.facebook.com\/profile.php?id=61567813566358","article_modified_time":"2024-10-28T10:17:04+00:00","twitter_card":"summary_large_image","twitter_misc":{"Est. reading time":"2 minutes"},"schema":{"@context":"https:\/\/schema.org","@graph":[{"@type":"WebPage","@id":"https:\/\/tortuedeter.com\/index.php\/mentions-legales\/","url":"https:\/\/tortuedeter.com\/index.php\/mentions-legales\/","name":"Mentions L\u00e9gales - TortueD\u00e9ter","isPartOf":{"@id":"https:\/\/tortuedeter.com\/#website"},"datePublished":"2024-09-21T09:38:11+00:00","dateModified":"2024-10-28T10:17:04+00:00","breadcrumb":{"@id":"https:\/\/tortuedeter.com\/index.php\/mentions-legales\/#breadcrumb"},"inLanguage":"en-US","potentialAction":[{"@type":"ReadAction","target":["https:\/\/tortuedeter.com\/index.php\/mentions-legales\/"]}]},{"@type":"BreadcrumbList","@id":"https:\/\/tortuedeter.com\/index.php\/mentions-legales\/#breadcrumb","itemListElement":[{"@type":"ListItem","position":1,"name":"Accueil","item":"https:\/\/tortuedeter.com\/"},{"@type":"ListItem","position":2,"name":"Mentions L\u00e9gales"}]},{"@type":"WebSite","@id":"https:\/\/tortuedeter.com\/#website","url":"https:\/\/tortuedeter.com\/","name":"TortueD\u00e9ter","description":"Coaching sportif 100% personnalis\u00e9","publisher":{"@id":"https:\/\/tortuedeter.com\/#organization"},"potentialAction":[{"@type":"SearchAction","target":{"@type":"EntryPoint","urlTemplate":"https:\/\/tortuedeter.com\/?s={search_term_string}"},"query-input":{"@type":"PropertyValueSpecification","valueRequired":true,"valueName":"search_term_string"}}],"inLanguage":"en-US"},{"@type":"Organization","@id":"https:\/\/tortuedeter.com\/#organization","name":"Tortue D\u00e9ter","url":"https:\/\/tortuedeter.com\/","logo":{"@type":"ImageObject","inLanguage":"en-US","@id":"https:\/\/tortuedeter.com\/#\/schema\/logo\/image\/","url":"https:\/\/tortuedeter.com\/wp-content\/uploads\/2024\/10\/cropped-Logo-parfait-carre-scaled-1.jpg","contentUrl":"https:\/\/tortuedeter.com\/wp-content\/uploads\/2024\/10\/cropped-Logo-parfait-carre-scaled-1.jpg","width":2558,"height":2558,"caption":"Tortue D\u00e9ter"},"image":{"@id":"https:\/\/tortuedeter.com\/#\/schema\/logo\/image\/"},"sameAs":["https:\/\/www.facebook.com\/profile.php?id=61567813566358"]}]}},"_links":{"self":[{"href":"https:\/\/tortuedeter.com\/index.php\/wp-json\/wp\/v2\/pages\/92","targetHints":{"allow":["GET"]}}],"collection":[{"href":"https:\/\/tortuedeter.com\/index.php\/wp-json\/wp\/v2\/pages"}],"about":[{"href":"https:\/\/tortuedeter.com\/index.php\/wp-json\/wp\/v2\/types\/page"}],"author":[{"embeddable":true,"href":"https:\/\/tortuedeter.com\/index.php\/wp-json\/wp\/v2\/users\/1"}],"replies":[{"embeddable":true,"href":"https:\/\/tortuedeter.com\/index.php\/wp-json\/wp\/v2\/comments?post=92"}],"version-history":[{"count":10,"href":"https:\/\/tortuedeter.com\/index.php\/wp-json\/wp\/v2\/pages\/92\/revisions"}],"predecessor-version":[{"id":961,"href":"https:\/\/tortuedeter.com\/index.php\/wp-json\/wp\/v2\/pages\/92\/revisions\/961"}],"wp:attachment":[{"href":"https:\/\/tortuedeter.com\/index.php\/wp-json\/wp\/v2\/media?parent=92"}],"curies":[{"name":"wp","href":"https:\/\/api.w.org\/{rel}","templated":true}]}}